{"id":4591,"date":"2023-09-02T15:00:27","date_gmt":"2023-09-02T13:00:27","guid":{"rendered":"https:\/\/libradigest.com\/?page_id=4591"},"modified":"2024-07-18T23:18:48","modified_gmt":"2024-07-18T21:18:48","slug":"a-propos","status":"publish","type":"page","link":"https:\/\/libradigest.com\/fr\/a-propos\/","title":{"rendered":"\u00c0 propos"},"content":{"rendered":"\n<h2 class=\"wp-block-heading\">Libra\u202f\u00b7\u202f\u202f\u00b7\u202f\u202f\u00b7\u202f<\/h2>\n\n\n\n<h3 class=\"wp-block-heading\">libra\u202f\u00b7\u202fdigest<\/h3>\n\n\n\n<p class=\"\">libra\u202f\u00b7\u202fdigest est le portail de notre s\u00e9lection sant\u00e9, vous donnant acc\u00e8s \u00e0 nos articles de blog, \u00e0 nos \u00e9pisodes de podcast et \u00e0 un glossaire sp\u00e9cialis\u00e9 sur la sant\u00e9 holistique.<\/p>\n\n\n\n<h3 class=\"wp-block-heading\">libra\u202f\u00b7\u202fon\u202fair<\/h3>\n\n\n\n<p class=\"\">libra\u202fon air est votre podcast sur la sant\u00e9 holistique, anim\u00e9 par Yassine Damil. Il partage avec vous le carnet de voyage de tout ce qu\u2019il a appris au cours des derni\u00e8res ann\u00e9es en d\u00e9veloppant l\u2019IA, l\u2019Intelligence Artificielle, derri\u00e8re libra\u202f\u00b7\u202fdiet.<\/p>\n","protected":false},"excerpt":{"rendered":"<p>Libra\u202f\u00b7\u202f\u202f\u00b7\u202f\u202f\u00b7\u202f libra\u202f\u00b7\u202fdigest libra\u202f\u00b7\u202fdigest est le portail de notre s\u00e9lection sant\u00e9, vous donnant acc\u00e8s \u00e0 nos articles de blog, \u00e0 nos \u00e9pisodes de podcast et \u00e0 un glossaire sp\u00e9cialis\u00e9 sur la sant\u00e9 holistique. libra\u202f\u00b7\u202fon\u202fair libra\u202fon air est votre podcast sur la sant\u00e9 holistique, anim\u00e9 par Yassine Damil. Il partage avec vous le carnet de voyage de [&hellip;]<\/p>\n","protected":false},"author":1,"featured_media":0,"parent":0,"menu_order":0,"comment_status":"closed","ping_status":"closed","template":"","meta":{"nf_dc_page":"","om_disable_all_campaigns":false,"wikipediapreview_detectlinks":true,"_monsterinsights_skip_tracking":false,"_monsterinsights_sitenote_active":false,"_monsterinsights_sitenote_note":"","_monsterinsights_sitenote_category":0,"_uf_show_specific_survey":0,"_uf_disable_surveys":false,"sync_status":"","episode_type":"","audio_file":"","podmotor_file_id":"","podmotor_episode_id":"","castos_file_data":"","cover_image":"","cover_image_id":"","duration":"","filesize":"","filesize_raw":"","date_recorded":"","explicit":"","block":"","footnotes":""},"class_list":["post-4591","page","type-page","status-publish","hentry"],"aioseo_notices":[],"_links":{"self":[{"href":"https:\/\/libradigest.com\/fr\/wp-json\/wp\/v2\/pages\/4591","targetHints":{"allow":["GET"]}}],"collection":[{"href":"https:\/\/libradigest.com\/fr\/wp-json\/wp\/v2\/pages"}],"about":[{"href":"https:\/\/libradigest.com\/fr\/wp-json\/wp\/v2\/types\/page"}],"author":[{"embeddable":true,"href":"https:\/\/libradigest.com\/fr\/wp-json\/wp\/v2\/users\/1"}],"replies":[{"embeddable":true,"href":"https:\/\/libradigest.com\/fr\/wp-json\/wp\/v2\/comments?post=4591"}],"version-history":[{"count":5,"href":"https:\/\/libradigest.com\/fr\/wp-json\/wp\/v2\/pages\/4591\/revisions"}],"predecessor-version":[{"id":6740,"href":"https:\/\/libradigest.com\/fr\/wp-json\/wp\/v2\/pages\/4591\/revisions\/6740"}],"wp:attachment":[{"href":"https:\/\/libradigest.com\/fr\/wp-json\/wp\/v2\/media?parent=4591"}],"curies":[{"name":"wp","href":"https:\/\/api.w.org\/{rel}","templated":true}]}}